{"id":1629,"date":"2024-10-24T19:12:23","date_gmt":"2024-10-24T19:12:23","guid":{"rendered":"https:\/\/escapesgalgo.com\/wp\/?post_type=product&#038;p=1629"},"modified":"2024-12-04T00:32:20","modified_gmt":"2024-12-04T00:32:20","slug":"habart-de-golf","status":"publish","type":"product","link":"https:\/\/escapesgalgo.com\/wp\/producto\/habart-de-golf\/","title":{"rendered":"Habart de Golf"},"content":{"rendered":"<p class=\"p1\">El <b>Habart de Golf<\/b> est\u00e1 dise\u00f1ado espec\u00edficamente para mejorar el rendimiento del sistema de escape de tu veh\u00edculo. Este componente permite un flujo de aire m\u00e1s eficiente, lo que se traduce en un aumento significativo de la potencia del motor y una mejor respuesta en la conducci\u00f3n. Fabricado con materiales de alta calidad, el Habart de Golf es resistente a la corrosi\u00f3n y a las altas temperaturas, asegurando durabilidad y un funcionamiento constante. Su dise\u00f1o elegante y moderno no solo realza la est\u00e9tica del veh\u00edculo, sino que tambi\u00e9n se integra perfectamente en la l\u00ednea de dise\u00f1o de los modelos Golf. La instalaci\u00f3n es sencilla y se adapta a una amplia gama de modelos, convirti\u00e9ndolo en una opci\u00f3n ideal para los entusiastas del rendimiento automotriz.<\/p>\n","protected":false},"excerpt":{"rendered":"<p class=\"p1\">El Habart de Golf optimiza el rendimiento del sistema de escape, proporcionando una mejora en la potencia del motor con un dise\u00f1o moderno y atractivo.<\/p>\n","protected":false},"featured_media":1631,"comment_status":"open","ping_status":"closed","template":"","meta":[],"product_cat":[17,28],"product_tag":[],"class_list":["post-1629","product","type-product","status-publish","has-post-thumbnail","hentry","product_cat-habarts","product_cat-terminales"],"_links":{"self":[{"href":"https:\/\/escapesgalgo.com\/wp\/wp-json\/wp\/v2\/product\/1629","targetHints":{"allow":["GET"]}}],"collection":[{"href":"https:\/\/escapesgalgo.com\/wp\/wp-json\/wp\/v2\/product"}],"about":[{"href":"https:\/\/escapesgalgo.com\/wp\/wp-json\/wp\/v2\/types\/product"}],"replies":[{"embeddable":true,"href":"https:\/\/escapesgalgo.com\/wp\/wp-json\/wp\/v2\/comments?post=1629"}],"wp:featuredmedia":[{"embeddable":true,"href":"https:\/\/escapesgalgo.com\/wp\/wp-json\/wp\/v2\/media\/1631"}],"wp:attachment":[{"href":"https:\/\/escapesgalgo.com\/wp\/wp-json\/wp\/v2\/media?parent=1629"}],"wp:term":[{"taxonomy":"product_cat","embeddable":true,"href":"https:\/\/escapesgalgo.com\/wp\/wp-json\/wp\/v2\/product_cat?post=1629"},{"taxonomy":"product_tag","embeddable":true,"href":"https:\/\/escapesgalgo.com\/wp\/wp-json\/wp\/v2\/product_tag?post=1629"}],"curies":[{"name":"wp","href":"https:\/\/api.w.org\/{rel}","templated":true}]}}