{"id":176,"date":"2023-08-11T19:18:37","date_gmt":"2023-08-11T19:18:37","guid":{"rendered":"https:\/\/escapesgalgo.com\/wp\/?post_type=product&#038;p=176"},"modified":"2025-03-09T02:51:58","modified_gmt":"2025-03-09T02:51:58","slug":"terminal-dual-futura-de-4p-doble-tubo","status":"publish","type":"product","link":"https:\/\/escapesgalgo.com\/wp\/producto\/terminal-dual-futura-de-4p-doble-tubo\/","title":{"rendered":"Terminal Dual Futura de 4P doble tubo"},"content":{"rendered":"<p>El mofle Terminal Dual Futura de 4p Doble Tubo es un accesorio que te permite darle un toque de elegancia y deportividad a tu auto. Su dise\u00f1o futura y doble tubo le da un aspecto m\u00e1s sofisticado y aerodin\u00e1mico a tu veh\u00edculo, mientras que su material de acero inoxidable le brinda resistencia y durabilidad.<\/p>\n<p>El mofle Terminal Dual Futura de 4p Doble Tubo se adapta f\u00e1cilmente a la mayor\u00eda de los modelos de autos y mejora el sonido del escape al darle un tono m\u00e1s grave y potente. Si quieres darle a tu auto un aspecto m\u00e1s atractivo y moderno, el mofle Terminal Dual Futura de 4p Doble Tubo es una excelente opci\u00f3n.<br \/>\n<script><\/script><\/p>\n","protected":false},"excerpt":{"rendered":"<p>El mofle Terminal Dual Futura de 4p Doble Tubo es un accesorio que te permite darle un toque de elegancia&#8230;<\/p>\n","protected":false},"featured_media":177,"comment_status":"open","ping_status":"closed","template":"","meta":[],"product_cat":[19,28],"product_tag":[],"class_list":["post-176","product","type-product","status-publish","has-post-thumbnail","hentry","product_cat-terminal-duals","product_cat-terminales"],"_links":{"self":[{"href":"https:\/\/escapesgalgo.com\/wp\/wp-json\/wp\/v2\/product\/176","targetHints":{"allow":["GET"]}}],"collection":[{"href":"https:\/\/escapesgalgo.com\/wp\/wp-json\/wp\/v2\/product"}],"about":[{"href":"https:\/\/escapesgalgo.com\/wp\/wp-json\/wp\/v2\/types\/product"}],"replies":[{"embeddable":true,"href":"https:\/\/escapesgalgo.com\/wp\/wp-json\/wp\/v2\/comments?post=176"}],"wp:featuredmedia":[{"embeddable":true,"href":"https:\/\/escapesgalgo.com\/wp\/wp-json\/wp\/v2\/media\/177"}],"wp:attachment":[{"href":"https:\/\/escapesgalgo.com\/wp\/wp-json\/wp\/v2\/media?parent=176"}],"wp:term":[{"taxonomy":"product_cat","embeddable":true,"href":"https:\/\/escapesgalgo.com\/wp\/wp-json\/wp\/v2\/product_cat?post=176"},{"taxonomy":"product_tag","embeddable":true,"href":"https:\/\/escapesgalgo.com\/wp\/wp-json\/wp\/v2\/product_tag?post=176"}],"curies":[{"name":"wp","href":"https:\/\/api.w.org\/{rel}","templated":true}]}}