{"id":196,"date":"2023-08-11T20:13:03","date_gmt":"2023-08-11T20:13:03","guid":{"rendered":"https:\/\/escapesgalgo.com\/wp\/?post_type=product&#038;p=196"},"modified":"2024-10-14T17:07:59","modified_gmt":"2024-10-14T17:07:59","slug":"zuka-power-3-5-chica","status":"publish","type":"product","link":"https:\/\/escapesgalgo.com\/wp\/producto\/zuka-power-3-5-chica\/","title":{"rendered":"Zuka Power 3.5 chica"},"content":{"rendered":"<p>El Zuka Power 3.5 chica es un escape deportivo de alto rendimiento que te ofrece un sonido grave y potente. Este escape est\u00e1 fabricado con acero inoxidable de alta calidad y tiene un dise\u00f1o aerodin\u00e1mico que mejora el flujo de los gases de escape. El Zuka Power 3.5 chica tiene una salida de 3.5 pulgadas y se adapta a la mayor\u00eda de los modelos de autos, camionetas y todoterrenos.<\/p>\n<p>Con este escape, podr\u00e1s disfrutar de una conducci\u00f3n m\u00e1s din\u00e1mica y divertida, adem\u00e1s de darle un toque personalizado y elegante a tu veh\u00edculo. Estamos seguros de que te encantar\u00e1 el sonido y el estilo que le dar\u00e1 a tu auto.<br \/>\n<script><\/script><\/p>\n","protected":false},"excerpt":{"rendered":"<p>El Zuka Power 3.5 chica es un escape deportivo de alto rendimiento que te ofrece un sonido grave y potente&#8230;.<\/p>\n","protected":false},"featured_media":197,"comment_status":"open","ping_status":"closed","template":"","meta":[],"product_cat":[28,26],"product_tag":[],"class_list":["post-196","product","type-product","status-publish","has-post-thumbnail","hentry","product_cat-terminales","product_cat-zuka"],"_links":{"self":[{"href":"https:\/\/escapesgalgo.com\/wp\/wp-json\/wp\/v2\/product\/196","targetHints":{"allow":["GET"]}}],"collection":[{"href":"https:\/\/escapesgalgo.com\/wp\/wp-json\/wp\/v2\/product"}],"about":[{"href":"https:\/\/escapesgalgo.com\/wp\/wp-json\/wp\/v2\/types\/product"}],"replies":[{"embeddable":true,"href":"https:\/\/escapesgalgo.com\/wp\/wp-json\/wp\/v2\/comments?post=196"}],"wp:featuredmedia":[{"embeddable":true,"href":"https:\/\/escapesgalgo.com\/wp\/wp-json\/wp\/v2\/media\/197"}],"wp:attachment":[{"href":"https:\/\/escapesgalgo.com\/wp\/wp-json\/wp\/v2\/media?parent=196"}],"wp:term":[{"taxonomy":"product_cat","embeddable":true,"href":"https:\/\/escapesgalgo.com\/wp\/wp-json\/wp\/v2\/product_cat?post=196"},{"taxonomy":"product_tag","embeddable":true,"href":"https:\/\/escapesgalgo.com\/wp\/wp-json\/wp\/v2\/product_tag?post=196"}],"curies":[{"name":"wp","href":"https:\/\/api.w.org\/{rel}","templated":true}]}}