{"id":233,"date":"2023-08-11T22:57:45","date_gmt":"2023-08-11T22:57:45","guid":{"rendered":"https:\/\/escapesgalgo.com\/wp\/?post_type=product&#038;p=233"},"modified":"2024-10-14T17:09:25","modified_gmt":"2024-10-14T17:09:25","slug":"terminal-de-havante-5p","status":"publish","type":"product","link":"https:\/\/escapesgalgo.com\/wp\/producto\/terminal-de-havante-5p\/","title":{"rendered":"Terminal de Havante 5P"},"content":{"rendered":"<p>El Terminal de Havante 5P es un conector de bloque enchufable que te permite conectar f\u00e1cilmente los cables del sistema de escape de tu auto. Tiene un espacio entre pines de 5.08 mm y un \u00e1ngulo de inclinaci\u00f3n de 90 grados, lo que lo hace ideal para espacios reducidos y evitar curvaturas innecesarias.<\/p>\n<p>Est\u00e1 fabricado con materiales resistentes al calor y la corrosi\u00f3n, y tiene un color verde que le da un toque distintivo. El Terminal de Havante 5P es compatible con la mayor\u00eda de los modelos de escapes para auto, y te ofrece una conexi\u00f3n segura y duradera.<br \/>\n<script><\/script><\/p>\n","protected":false},"excerpt":{"rendered":"<p>El Terminal de Havante 5P es un conector de bloque enchufable que te permite conectar f\u00e1cilmente los cables del sistema&#8230;<\/p>\n","protected":false},"featured_media":234,"comment_status":"open","ping_status":"closed","template":"","meta":[],"product_cat":[40,28],"product_tag":[],"class_list":["post-233","product","type-product","status-publish","has-post-thumbnail","hentry","product_cat-terminal-avante","product_cat-terminales"],"_links":{"self":[{"href":"https:\/\/escapesgalgo.com\/wp\/wp-json\/wp\/v2\/product\/233","targetHints":{"allow":["GET"]}}],"collection":[{"href":"https:\/\/escapesgalgo.com\/wp\/wp-json\/wp\/v2\/product"}],"about":[{"href":"https:\/\/escapesgalgo.com\/wp\/wp-json\/wp\/v2\/types\/product"}],"replies":[{"embeddable":true,"href":"https:\/\/escapesgalgo.com\/wp\/wp-json\/wp\/v2\/comments?post=233"}],"wp:featuredmedia":[{"embeddable":true,"href":"https:\/\/escapesgalgo.com\/wp\/wp-json\/wp\/v2\/media\/234"}],"wp:attachment":[{"href":"https:\/\/escapesgalgo.com\/wp\/wp-json\/wp\/v2\/media?parent=233"}],"wp:term":[{"taxonomy":"product_cat","embeddable":true,"href":"https:\/\/escapesgalgo.com\/wp\/wp-json\/wp\/v2\/product_cat?post=233"},{"taxonomy":"product_tag","embeddable":true,"href":"https:\/\/escapesgalgo.com\/wp\/wp-json\/wp\/v2\/product_tag?post=233"}],"curies":[{"name":"wp","href":"https:\/\/api.w.org\/{rel}","templated":true}]}}