{"id":42,"date":"2023-07-17T01:40:27","date_gmt":"2023-07-17T01:40:27","guid":{"rendered":"https:\/\/escapesgalgo.com\/wp\/?post_type=product&#038;p=42"},"modified":"2024-10-14T16:57:51","modified_gmt":"2024-10-14T16:57:51","slug":"habart-avante","status":"publish","type":"product","link":"https:\/\/escapesgalgo.com\/wp\/producto\/habart-avante\/","title":{"rendered":"Habart avante"},"content":{"rendered":"<p>El silenciador deportivo Habart avante es el silenciador que le dar\u00e1 a tu veh\u00edculo un estilo \u00fanico y una potencia incomparable. Con su dise\u00f1o silencioso y aerodin\u00e1mico, este silenciador te ofrece el mejor rendimiento y la mejor est\u00e9tica para tu veh\u00edculo. El silenciador est\u00e1 fabricado con acero de la m\u00e1s alta calidad y tiene una terminal cromada que le da un toque de brillo y distinci\u00f3n. El silenciador se ajusta f\u00e1cilmente a tu sistema de escape original y cuenta con la homologaci\u00f3n necesaria para circular por la v\u00eda p\u00fablica. No lo pienses m\u00e1s y consigue el silenciador deportivo Habart avante, el silenciador que har\u00e1 que tu veh\u00edculo sea inigualable.<br \/>\n<script><\/script><\/p>\n","protected":false},"excerpt":{"rendered":"<p>El silenciador deportivo Habart avante es el silenciador que le dar\u00e1 a tu veh\u00edculo un estilo \u00fanico y una potencia&#8230;<\/p>\n","protected":false},"featured_media":13,"comment_status":"open","ping_status":"closed","template":"","meta":[],"product_cat":[17,28],"product_tag":[],"class_list":["post-42","product","type-product","status-publish","has-post-thumbnail","hentry","product_cat-habarts","product_cat-terminales"],"_links":{"self":[{"href":"https:\/\/escapesgalgo.com\/wp\/wp-json\/wp\/v2\/product\/42","targetHints":{"allow":["GET"]}}],"collection":[{"href":"https:\/\/escapesgalgo.com\/wp\/wp-json\/wp\/v2\/product"}],"about":[{"href":"https:\/\/escapesgalgo.com\/wp\/wp-json\/wp\/v2\/types\/product"}],"replies":[{"embeddable":true,"href":"https:\/\/escapesgalgo.com\/wp\/wp-json\/wp\/v2\/comments?post=42"}],"wp:featuredmedia":[{"embeddable":true,"href":"https:\/\/escapesgalgo.com\/wp\/wp-json\/wp\/v2\/media\/13"}],"wp:attachment":[{"href":"https:\/\/escapesgalgo.com\/wp\/wp-json\/wp\/v2\/media?parent=42"}],"wp:term":[{"taxonomy":"product_cat","embeddable":true,"href":"https:\/\/escapesgalgo.com\/wp\/wp-json\/wp\/v2\/product_cat?post=42"},{"taxonomy":"product_tag","embeddable":true,"href":"https:\/\/escapesgalgo.com\/wp\/wp-json\/wp\/v2\/product_tag?post=42"}],"curies":[{"name":"wp","href":"https:\/\/api.w.org\/{rel}","templated":true}]}}