{"id":77,"date":"2023-07-17T18:03:44","date_gmt":"2023-07-17T18:03:44","guid":{"rendered":"https:\/\/escapesgalgo.com\/wp\/?post_type=product&#038;p=77"},"modified":"2024-10-14T17:01:55","modified_gmt":"2024-10-14T17:01:55","slug":"terminal-4x40-redonda","status":"publish","type":"product","link":"https:\/\/escapesgalgo.com\/wp\/producto\/terminal-4x40-redonda\/","title":{"rendered":"Terminal 4&#215;40 redonda"},"content":{"rendered":"<p>Este escape tiene una forma redonda y est\u00e1 dise\u00f1ado con un di\u00e1metro de salida de 4 pulgadas y una longitud de 40 pulgadas. El principal prop\u00f3sito de un escape terminal 4&#215;40 redonda es permitir un flujo de gases de escape m\u00e1s eficiente y libre, lo que puede resultar una mejora en el rendimiento del motor. Al aumentar el di\u00e1metro de la salida del escape, se reduce la restricci\u00f3n del flujo de gases, lo que a su vez puede aumentar la potencia y el par del motor. \u00a1No pierdas la oportunidad de mejorar tu auto!.<br \/>\n<script><\/script><\/p>\n","protected":false},"excerpt":{"rendered":"<p>Este escape tiene una forma redonda y est\u00e1 dise\u00f1ado con un di\u00e1metro de salida de 4 pulgadas y una longitud&#8230;<\/p>\n","protected":false},"featured_media":78,"comment_status":"open","ping_status":"closed","template":"","meta":[],"product_cat":[28,22],"product_tag":[],"class_list":["post-77","product","type-product","status-publish","has-post-thumbnail","hentry","product_cat-terminales","product_cat-terminales-sencillas"],"_links":{"self":[{"href":"https:\/\/escapesgalgo.com\/wp\/wp-json\/wp\/v2\/product\/77","targetHints":{"allow":["GET"]}}],"collection":[{"href":"https:\/\/escapesgalgo.com\/wp\/wp-json\/wp\/v2\/product"}],"about":[{"href":"https:\/\/escapesgalgo.com\/wp\/wp-json\/wp\/v2\/types\/product"}],"replies":[{"embeddable":true,"href":"https:\/\/escapesgalgo.com\/wp\/wp-json\/wp\/v2\/comments?post=77"}],"wp:featuredmedia":[{"embeddable":true,"href":"https:\/\/escapesgalgo.com\/wp\/wp-json\/wp\/v2\/media\/78"}],"wp:attachment":[{"href":"https:\/\/escapesgalgo.com\/wp\/wp-json\/wp\/v2\/media?parent=77"}],"wp:term":[{"taxonomy":"product_cat","embeddable":true,"href":"https:\/\/escapesgalgo.com\/wp\/wp-json\/wp\/v2\/product_cat?post=77"},{"taxonomy":"product_tag","embeddable":true,"href":"https:\/\/escapesgalgo.com\/wp\/wp-json\/wp\/v2\/product_tag?post=77"}],"curies":[{"name":"wp","href":"https:\/\/api.w.org\/{rel}","templated":true}]}}