{"id":86,"date":"2023-07-17T18:44:21","date_gmt":"2023-07-17T18:44:21","guid":{"rendered":"https:\/\/escapesgalgo.com\/wp\/?post_type=product&#038;p=86"},"modified":"2024-10-14T17:02:08","modified_gmt":"2024-10-14T17:02:08","slug":"terminal-recta-de-chevrolet","status":"publish","type":"product","link":"https:\/\/escapesgalgo.com\/wp\/producto\/terminal-recta-de-chevrolet\/","title":{"rendered":"Terminal recta de Chevrolet"},"content":{"rendered":"<p>Un escape terminal recta se refiere a un tipo de sistema de escape para veh\u00edculos que cuenta con una salida recta en la parte trasera del veh\u00edculo. El escape terminal recta es conocido por su aspecto simple y limpio. Al eliminar cualquier curva o \u00e1ngulo en la terminaci\u00f3n del tubo de escape, se crea una apariencia m\u00e1s minimalista y directa. Esto puede resultar atractivo para aquellos que prefieren un dise\u00f1o m\u00e1s discreto y sin adornos en el sistema de escape de su veh\u00edculo.<br \/>\n<script><\/script><\/p>\n","protected":false},"excerpt":{"rendered":"<p>Un escape terminal recta se refiere a un tipo de sistema de escape para veh\u00edculos que cuenta con una salida&#8230;<\/p>\n","protected":false},"featured_media":87,"comment_status":"open","ping_status":"closed","template":"","meta":[],"product_cat":[28,22],"product_tag":[],"class_list":["post-86","product","type-product","status-publish","has-post-thumbnail","hentry","product_cat-terminales","product_cat-terminales-sencillas"],"_links":{"self":[{"href":"https:\/\/escapesgalgo.com\/wp\/wp-json\/wp\/v2\/product\/86","targetHints":{"allow":["GET"]}}],"collection":[{"href":"https:\/\/escapesgalgo.com\/wp\/wp-json\/wp\/v2\/product"}],"about":[{"href":"https:\/\/escapesgalgo.com\/wp\/wp-json\/wp\/v2\/types\/product"}],"replies":[{"embeddable":true,"href":"https:\/\/escapesgalgo.com\/wp\/wp-json\/wp\/v2\/comments?post=86"}],"wp:featuredmedia":[{"embeddable":true,"href":"https:\/\/escapesgalgo.com\/wp\/wp-json\/wp\/v2\/media\/87"}],"wp:attachment":[{"href":"https:\/\/escapesgalgo.com\/wp\/wp-json\/wp\/v2\/media?parent=86"}],"wp:term":[{"taxonomy":"product_cat","embeddable":true,"href":"https:\/\/escapesgalgo.com\/wp\/wp-json\/wp\/v2\/product_cat?post=86"},{"taxonomy":"product_tag","embeddable":true,"href":"https:\/\/escapesgalgo.com\/wp\/wp-json\/wp\/v2\/product_tag?post=86"}],"curies":[{"name":"wp","href":"https:\/\/api.w.org\/{rel}","templated":true}]}}